{"id":226339,"date":"2020-10-23T12:15:36","date_gmt":"2020-10-23T10:15:36","guid":{"rendered":"https:\/\/www.caffegioia.com?page_id=226339"},"modified":"2023-04-12T20:20:45","modified_gmt":"2023-04-12T18:20:45","slug":"coffee-in-aroma-vero-lui-compatible-capsules","status":"publish","type":"page","link":"https:\/\/www.caffegioia.com\/en\/coffee\/compatible-capsules\/coffee-in-aroma-vero-lui-compatible-capsules","title":{"rendered":"COFFEE IN AROMA VERO*, LUI* COMPATIBLE CAPSULES"},"content":{"rendered":"<p>[et_pb_section fb_built=&#8221;1&#8243; _builder_version=&#8221;4.20.2&#8243; _module_preset=&#8221;default&#8221; global_colors_info=&#8221;{}&#8221; theme_builder_area=&#8221;post_content&#8221;][et_pb_row column_structure=&#8221;1_3,1_3,1_3&#8243; _builder_version=&#8221;4.20.2&#8243; _module_preset=&#8221;default&#8221; locked=&#8221;off&#8221; global_colors_info=&#8221;{}&#8221; theme_builder_area=&#8221;post_content&#8221;][et_pb_column type=&#8221;1_3&#8243; _builder_version=&#8221;4.20.2&#8243; _module_preset=&#8221;default&#8221; global_colors_info=&#8221;{}&#8221; theme_builder_area=&#8221;post_content&#8221;][et_pb_image src=&#8221;https:\/\/www.caffegioia.com\/wp-content\/uploads\/2023\/04\/2000&#215;2000-mitaca-100.jpg&#8221; title_text=&#8221;2000&#215;2000-mitaca-100&#8243; _builder_version=&#8221;4.20.2&#8243; _module_preset=&#8221;default&#8221; global_colors_info=&#8221;{}&#8221; theme_builder_area=&#8221;post_content&#8221;][\/et_pb_image][et_pb_text _builder_version=&#8221;4.20.4&#8243; _module_preset=&#8221;default&#8221; text_font_size=&#8221;16px&#8221; header_2_font_size=&#8221;24px&#8221; hover_enabled=&#8221;0&#8243; global_colors_info=&#8221;{}&#8221; theme_builder_area=&#8221;post_content&#8221; sticky_enabled=&#8221;0&#8243;]<\/p>\n<h3 class=\"h3 text-center text-md-left\">100% Arabica Blend<\/h3>\n<p>A coffee with an intense and full flavor, with selected varieties of Arabica from Central America and South Africa for a coffee with a delicate taste and an unmistakable aroma. A creamy coffee, with a fine body and a barely perceptible acidity, the initial amiability is enriched with delicious essences of cream, toasted almonds and caramel.<\/p>\n<p><em><strong>features<\/strong><\/em><\/p>\n<p>\u2022 \u2022 \u2022 \u2022 \u2022 Aroma<br \/>\u2022 \u2022 \u2022<span>\u00a0<span style=\"color: #999999;\">\u2022 \u2022<\/span>\u00a0Body<br \/><\/span>\u2022 \u2022 \u2022 \u2022<span style=\"color: #999999;\">\u00a0\u2022<\/span><span>\u00a0<\/span>Flavour<br \/>\u2022 \u2022 \u2022<span>\u00a0<span style=\"color: #999999;\">\u2022 \u2022<\/span><\/span><span>\u00a0<\/span>Roasting<\/p>\n<p><em>capsule of 7 gr 0,24 oz<\/em><\/p>\n<p><em>available in:<\/em><br \/>30 items box cod. 359<\/p>\n<p>[\/et_pb_text][\/et_pb_column][et_pb_column type=&#8221;1_3&#8243; _builder_version=&#8221;4.20.2&#8243; _module_preset=&#8221;default&#8221; global_colors_info=&#8221;{}&#8221; theme_builder_area=&#8221;post_content&#8221;][et_pb_image src=&#8221;https:\/\/www.caffegioia.com\/wp-content\/uploads\/2023\/04\/2000&#215;2000-mitaca-dec.jpg&#8221; title_text=&#8221;2000&#215;2000-mitaca-dec&#8221; _builder_version=&#8221;4.20.2&#8243; _module_preset=&#8221;default&#8221; global_colors_info=&#8221;{}&#8221; theme_builder_area=&#8221;post_content&#8221;][\/et_pb_image][et_pb_text _builder_version=&#8221;4.20.4&#8243; _module_preset=&#8221;default&#8221; text_font_size=&#8221;16px&#8221; header_2_font_size=&#8221;24px&#8221; hover_enabled=&#8221;0&#8243; global_colors_info=&#8221;{}&#8221; theme_builder_area=&#8221;post_content&#8221; sticky_enabled=&#8221;0&#8243;]<\/p>\n<h3 class=\"h3 text-center text-md-left\">Decaffeinated Blend<\/h3>\n<p>Creamy coffee with a full flavor and low caffeine content. Excellent body, good aroma and balance between sweetness and acidity. Caffeine not over than 0.10%.<\/p>\n<p><em><strong>features<\/strong><\/em><\/p>\n<p>\u2022 \u2022 \u2022<span>\u00a0<\/span><span style=\"color: #999999;\">\u2022 \u2022<\/span><span>\u00a0<\/span>Aroma<br \/>\u2022 \u2022 \u2022<span>\u00a0<\/span><span style=\"color: #999999;\">\u2022 \u2022<\/span><span>\u00a0<\/span>Body<br \/>\u2022 \u2022 \u2022 \u2022<span>\u00a0<\/span><span style=\"color: #999999;\">\u2022<\/span><span>\u00a0<\/span>Flavour<br \/>\u2022 \u2022 \u2022<span style=\"color: #999999;\">\u00a0\u2022 \u2022<\/span><span>\u00a0<\/span>Roasting<\/p>\n<p><em>capsule of 7 gr 0,24 oz<\/em><\/p>\n<p><em>available in:<\/em><br \/>30 items box cod. 358<\/p>\n<p>[\/et_pb_text][\/et_pb_column][et_pb_column type=&#8221;1_3&#8243; _builder_version=&#8221;4.20.2&#8243; _module_preset=&#8221;default&#8221; global_colors_info=&#8221;{}&#8221; theme_builder_area=&#8221;post_content&#8221;][et_pb_image src=&#8221;https:\/\/www.caffegioia.com\/wp-content\/uploads\/2023\/04\/2000&#215;2000-mitaca-classic.jpg&#8221; title_text=&#8221;2000&#215;2000-mitaca-classic&#8221; _builder_version=&#8221;4.20.2&#8243; _module_preset=&#8221;default&#8221; global_colors_info=&#8221;{}&#8221; theme_builder_area=&#8221;post_content&#8221;][\/et_pb_image][et_pb_text _builder_version=&#8221;4.20.4&#8243; _module_preset=&#8221;default&#8221; text_font_size=&#8221;16px&#8221; header_2_font_size=&#8221;24px&#8221; hover_enabled=&#8221;0&#8243; global_colors_info=&#8221;{}&#8221; theme_builder_area=&#8221;post_content&#8221; sticky_enabled=&#8221;0&#8243;]<\/p>\n<h3 class=\"h3 text-center text-md-left\">Classic Blend<\/h3>\n<p>It is the classic blend of the Neapolitan tradition in which taste and body are balanced. The combination of the best Arabica and selected Robusta make it a full-bodied and intensely aromatic espresso. Sublime and compact, garnished with vaporous acidity. It brings to mind flavors of refined dark chocolate and candied fruit.<\/p>\n<p><em><strong>features<\/strong><\/em><\/p>\n<p>\u2022 \u2022 \u2022 \u2022 \u2022 Aroma<br \/>\u2022 \u2022 \u2022 \u2022<span style=\"color: #999999;\">\u00a0\u2022<\/span><span>\u00a0<\/span>Body<br \/>\u2022 \u2022 \u2022 \u2022<span>\u00a0<\/span><span style=\"color: #999999;\">\u2022<\/span><span>\u00a0<\/span>Flavour<br \/>\u2022 \u2022<span>\u00a0<\/span><span style=\"color: #999999;\">\u2022 \u2022 \u2022\u00a0<\/span>Roasting<\/p>\n<p><em>capsule of 7 gr 0,24 oz<\/em><\/p>\n<p><em>available in:<\/em><br \/>30 items box cod. 357<br \/>100 items box cod. 355<\/p>\n<p>[\/et_pb_text][\/et_pb_column][\/et_pb_row][et_pb_row column_structure=&#8221;1_3,1_3,1_3&#8243; _builder_version=&#8221;4.20.2&#8243; _module_preset=&#8221;default&#8221; locked=&#8221;off&#8221; global_colors_info=&#8221;{}&#8221; theme_builder_area=&#8221;post_content&#8221;][et_pb_column type=&#8221;1_3&#8243; _builder_version=&#8221;4.20.2&#8243; _module_preset=&#8221;default&#8221; global_colors_info=&#8221;{}&#8221; theme_builder_area=&#8221;post_content&#8221;][et_pb_image src=&#8221;https:\/\/www.caffegioia.com\/wp-content\/uploads\/2023\/04\/2000&#215;2000-mitaca-strong.jpg&#8221; title_text=&#8221;2000&#215;2000-mitaca-strong&#8221; _builder_version=&#8221;4.20.2&#8243; _module_preset=&#8221;default&#8221; global_colors_info=&#8221;{}&#8221; theme_builder_area=&#8221;post_content&#8221;][\/et_pb_image][et_pb_text _builder_version=&#8221;4.20.4&#8243; _module_preset=&#8221;default&#8221; text_font_size=&#8221;16px&#8221; header_2_font_size=&#8221;24px&#8221; hover_enabled=&#8221;0&#8243; global_colors_info=&#8221;{}&#8221; theme_builder_area=&#8221;post_content&#8221; sticky_enabled=&#8221;0&#8243;]<\/p>\n<h3 class=\"h3 text-center text-md-left\">Strong Blend<\/h3>\n<p>It is the blend produced with the best varieties of Central and South African Robusta, it has a strong flavor and a very intense aroma. Reminiscent of the flavor of pandolce and dried plum, with notes of chocolate and sultanas. It is ideal for those who love a coffee with character.<\/p>\n<p><em><strong>features<br \/><\/strong><\/em><br \/>\u2022 \u2022 \u2022<span style=\"color: #999999;\">\u00a0\u2022 \u2022<\/span><span>\u00a0<\/span>Aroma<br \/>\u2022 \u2022 \u2022 \u2022 \u2022 Body<br \/>\u2022 \u2022 \u2022 \u2022 \u2022 Flavour<br \/>\u2022 \u2022<span>\u00a0<\/span><span style=\"color: #999999;\">\u2022 \u2022 \u2022<\/span><span>\u00a0<\/span>Roasting<\/p>\n<p><em>capsule of 7 gr 0,24 oz<\/em><\/p>\n<p><em>available in:<\/em><br \/>30 items box cod. 356<br \/>100 items box cod. 353<\/p>\n<p>[\/et_pb_text][\/et_pb_column][et_pb_column type=&#8221;1_3&#8243; _builder_version=&#8221;4.20.2&#8243; _module_preset=&#8221;default&#8221; global_colors_info=&#8221;{}&#8221; theme_builder_area=&#8221;post_content&#8221;][\/et_pb_column][et_pb_column type=&#8221;1_3&#8243; _builder_version=&#8221;4.20.2&#8243; _module_preset=&#8221;default&#8221; global_colors_info=&#8221;{}&#8221; theme_builder_area=&#8221;post_content&#8221;][\/et_pb_column][\/et_pb_row][\/et_pb_section]<\/p>\n","protected":false},"excerpt":{"rendered":"<p>100% Arabica Blend A coffee with an intense and full flavor, with selected varieties of Arabica from Central America and South Africa for a coffee with a delicate taste and an unmistakable aroma. A creamy coffee, with a fine body and a barely perceptible acidity, the initial amiability is enriched with delicious essences of cream, [&hellip;]<\/p>\n","protected":false},"author":27,"featured_media":226079,"parent":226297,"menu_order":5,"comment_status":"closed","ping_status":"closed","template":"","meta":{"_et_pb_use_builder":"on","_et_pb_old_content":"<p>[et_pb_section fb_built=\"1\" _builder_version=\"4.20.2\" _module_preset=\"default\" global_colors_info=\"{}\" theme_builder_area=\"post_content\"][et_pb_row column_structure=\"1_3,1_3,1_3\" _builder_version=\"4.20.2\" _module_preset=\"default\" locked=\"off\" global_colors_info=\"{}\" theme_builder_area=\"post_content\"][et_pb_column type=\"1_3\" _builder_version=\"4.20.2\" _module_preset=\"default\" global_colors_info=\"{}\" theme_builder_area=\"post_content\"][et_pb_image src=\"https:\/\/www.caffegioia.com\/wp-content\/uploads\/2023\/04\/2000x2000-mitaca-100.jpg\" title_text=\"2000x2000-mitaca-100\" _builder_version=\"4.20.2\" _module_preset=\"default\" hover_enabled=\"0\" global_colors_info=\"{}\" theme_builder_area=\"post_content\" sticky_enabled=\"0\"][\/et_pb_image][et_pb_text _builder_version=\"4.20.2\" _module_preset=\"default\" text_font_size=\"16px\" header_2_font_size=\"24px\" hover_enabled=\"0\" global_colors_info=\"{}\" theme_builder_area=\"post_content\" sticky_enabled=\"0\"]<\/p><h2>Miscela 100% Arabica<\/h2><p>Un caff\u00e8 dal gusto intenso e pieno, con selezionate qualit\u00e0 di Arabica proveniente dal centro America e dal Sud Africa per un caff\u00e8 dal gusto delicato e dall'aroma inconfondibile. Un caff\u00e8 cremoso dal corpo pregevole e dall'acidit\u00e0 poco evidente, l'amabilit\u00e0 iniziale si arricchisce di prelibate essenze di panna, mandorle tostate e caramello.<\/p><p><em><strong>caratteristiche<\/strong><\/em><\/p><p>\u2022 \u2022 \u2022 \u2022 \u2022 Aroma<br \/>\u2022 \u2022 \u2022 <span style=\"color: #999999;\">\u2022 \u2022<\/span> Corpo<br \/>\u2022 \u2022 \u2022 \u2022 <span style=\"color: #999999;\">\u2022<\/span> Intensit\u00e0<br \/>\u2022 \u2022 \u2022 <span style=\"color: #999999;\">\u2022 \u2022<\/span> Tostatura<\/p><p><em>capsule in plastica da 7 gr 0,24 oz<\/em><br \/><em>disponibile in<\/em><\/p><p>box da 30 pz. cod. 359<\/p><p>[\/et_pb_text][\/et_pb_column][et_pb_column type=\"1_3\" _builder_version=\"4.20.2\" _module_preset=\"default\" global_colors_info=\"{}\" theme_builder_area=\"post_content\"][et_pb_image src=\"https:\/\/www.caffegioia.com\/wp-content\/uploads\/2023\/04\/2000x2000-mitaca-dec.jpg\" title_text=\"2000x2000-mitaca-dec\" _builder_version=\"4.20.2\" _module_preset=\"default\" hover_enabled=\"0\" global_colors_info=\"{}\" theme_builder_area=\"post_content\" sticky_enabled=\"0\"][\/et_pb_image][et_pb_text _builder_version=\"4.20.2\" _module_preset=\"default\" text_font_size=\"16px\" header_2_font_size=\"24px\" hover_enabled=\"0\" global_colors_info=\"{}\" theme_builder_area=\"post_content\" sticky_enabled=\"0\"]<\/p><h2>Miscela Decaffeinato<\/h2><p>Caff\u00e8 cremoso dal gusto pieno e a basso contenuto di caffeina. Ottima corposit\u00e0, buon aroma ed equilibrio tra l'amabilit\u00e0 e l'acidit\u00e0. Caffeina non superiore allo 0,10%.<\/p><p><em><strong>caratteristiche<\/strong><\/em><\/p><p>\u2022 \u2022 \u2022 <span style=\"color: #999999;\">\u2022 \u2022<\/span> Aroma<br \/>\u2022 \u2022 \u2022 <span style=\"color: #999999;\">\u2022 \u2022<\/span> Corpo<br \/>\u2022 \u2022 \u2022 \u2022<span style=\"color: #999999;\"> \u2022<\/span> Intensit\u00e0<br \/>\u2022 \u2022 \u2022 <span style=\"color: #999999;\">\u2022 \u2022<\/span> Tostatura<\/p><p><em>capsula in plastica da 7 gr 0,24 oz<\/em><br \/><em>disponibile in<\/em><\/p><p>box da 30 pz. cod. 358<\/p><p>[\/et_pb_text][\/et_pb_column][et_pb_column type=\"1_3\" _builder_version=\"4.20.2\" _module_preset=\"default\" global_colors_info=\"{}\" theme_builder_area=\"post_content\"][et_pb_image src=\"https:\/\/www.caffegioia.com\/wp-content\/uploads\/2023\/04\/2000x2000-mitaca-classic.jpg\" title_text=\"2000x2000-mitaca-classic\" _builder_version=\"4.20.2\" _module_preset=\"default\" hover_enabled=\"0\" global_colors_info=\"{}\" theme_builder_area=\"post_content\" sticky_enabled=\"0\"][\/et_pb_image][et_pb_text _builder_version=\"4.20.2\" _module_preset=\"default\" text_font_size=\"16px\" header_2_font_size=\"24px\" hover_enabled=\"0\" global_colors_info=\"{}\" theme_builder_area=\"post_content\" sticky_enabled=\"0\"]<\/p><h2>Miscela Classica<\/h2><p>\u00c8 la miscela classica della tradizione napoletana in cui si bilanciano gusto e corposit\u00e0. La combinazione delle migliori Arabica e dei selezionati Robusta ne fanno un espresso corposo e intensamente aromatico. Sublime e compatta, guarnita di vaporosa acidit\u00e0. Ripercorre memorie di raffinato cioccolato fondente e frutta candita.<\/p><p><em><strong>caratteristiche<\/strong><\/em><\/p><p>\u2022 \u2022 \u2022 \u2022 \u2022 Aroma<br \/>\u2022 \u2022 \u2022 \u2022 <span style=\"color: #999999;\">\u2022<\/span> Corpo<br \/>\u2022 \u2022 \u2022 \u2022 <span style=\"color: #999999;\">\u2022<\/span> Intensit\u00e0<br \/>\u2022 \u2022 <span style=\"color: #999999;\">\u2022 \u2022 \u2022<\/span> Tostatura<\/p><p><em>capsula in plastica da 7 gr 0,24 oz<\/em><br \/><em>disponibile in<\/em><\/p><p>box da 30 pz. cod. 357<br \/>box da 100 pz. cod. 355<\/p><p>[\/et_pb_text][\/et_pb_column][\/et_pb_row][et_pb_row column_structure=\"1_3,1_3,1_3\" _builder_version=\"4.20.2\" _module_preset=\"default\" locked=\"off\" global_colors_info=\"{}\" theme_builder_area=\"post_content\"][et_pb_column type=\"1_3\" _builder_version=\"4.20.2\" _module_preset=\"default\" global_colors_info=\"{}\" theme_builder_area=\"post_content\"][et_pb_image src=\"https:\/\/www.caffegioia.com\/wp-content\/uploads\/2023\/04\/2000x2000-mitaca-strong.jpg\" title_text=\"2000x2000-mitaca-strong\" _builder_version=\"4.20.2\" _module_preset=\"default\" hover_enabled=\"0\" global_colors_info=\"{}\" theme_builder_area=\"post_content\" sticky_enabled=\"0\"][\/et_pb_image][et_pb_text _builder_version=\"4.20.2\" _module_preset=\"default\" text_font_size=\"16px\" header_2_font_size=\"24px\" hover_enabled=\"0\" global_colors_info=\"{}\" theme_builder_area=\"post_content\" sticky_enabled=\"0\"]<\/p><h2>Miscela Strong<\/h2><p>\u00c8 la miscela prodotta con le migliori variet\u00e0 di Robusta centro e sud Africani, si presenta con un sapore forte e un aroma molto intenso. Indole sostanziosa, farcita di evanescente acidit\u00e0. Rimembra la saporosit\u00e0 del pandolce e della prugna secca, con note di cioccolato e uva sultanina. \u00c8 ideale per chi ama un caff\u00e8 con carattere.<\/p><p><em><strong>caratteristiche<\/strong><\/em><\/p><p>\u2022 \u2022 \u2022 <span style=\"color: #999999;\">\u2022 \u2022<\/span> Aroma<br \/>\u2022 \u2022 \u2022 \u2022 \u2022 Corpo<br \/>\u2022 \u2022 \u2022 \u2022 \u2022 Intensit\u00e0<br \/>\u2022 \u2022 <span style=\"color: #999999;\">\u2022 \u2022 \u2022<\/span> Tostatura<\/p><p><em>capsula in plastica da 7 gr 0,24 oz<\/em><br \/><em>disponibile in<\/em><\/p><p>box da 30 pz. cod. 356<br \/>box da 100 pz. cod. 353<\/p><p>[\/et_pb_text][\/et_pb_column][et_pb_column type=\"1_3\" _builder_version=\"4.20.2\" _module_preset=\"default\" global_colors_info=\"{}\" theme_builder_area=\"post_content\"][\/et_pb_column][et_pb_column type=\"1_3\" _builder_version=\"4.20.2\" _module_preset=\"default\" global_colors_info=\"{}\" theme_builder_area=\"post_content\"][\/et_pb_column][\/et_pb_row][\/et_pb_section]<\/p>","_et_gb_content_width":"","footnotes":""},"class_list":["post-226339","page","type-page","status-publish","has-post-thumbnail","hentry"],"yoast_head":"<!-- This site is optimized with the Yoast SEO plugin v27.5 - https:\/\/yoast.com\/product\/yoast-seo-wordpress\/ -->\n<title>COFFEE IN AROMA VERO*, LUI* COMPATIBLE CAPSULES - Caffe Gioia<\/title>\n<meta name=\"robots\" content=\"index, follow, max-snippet:-1, max-image-preview:large, max-video-preview:-1\" \/>\n<link rel=\"canonical\" href=\"https:\/\/www.caffegioia.com\/en\/coffee\/compatible-capsules\/coffee-in-aroma-vero-lui-compatible-capsules\" \/>\n<meta property=\"og:locale\" content=\"en_US\" \/>\n<meta property=\"og:type\" content=\"article\" \/>\n<meta property=\"og:title\" content=\"COFFEE IN AROMA VERO*, LUI* COMPATIBLE CAPSULES - Caffe Gioia\" \/>\n<meta property=\"og:description\" content=\"100% Arabica Blend A coffee with an intense and full flavor, with selected varieties of Arabica from Central America and South Africa for a coffee with a delicate taste and an unmistakable aroma. A creamy coffee, with a fine body and a barely perceptible acidity, the initial amiability is enriched with delicious essences of cream, [&hellip;]\" \/>\n<meta property=\"og:url\" content=\"https:\/\/www.caffegioia.com\/en\/coffee\/compatible-capsules\/coffee-in-aroma-vero-lui-compatible-capsules\" \/>\n<meta property=\"og:site_name\" content=\"Caffe Gioia\" \/>\n<meta property=\"article:modified_time\" content=\"2023-04-12T18:20:45+00:00\" \/>\n<meta property=\"og:image\" content=\"https:\/\/www.caffegioia.com\/wp-content\/uploads\/2023\/04\/2000x2000-aroma-vero.png\" \/>\n\t<meta property=\"og:image:width\" content=\"800\" \/>\n\t<meta property=\"og:image:height\" content=\"800\" \/>\n\t<meta property=\"og:image:type\" content=\"image\/png\" \/>\n<meta name=\"twitter:card\" content=\"summary_large_image\" \/>\n<meta name=\"twitter:label1\" content=\"Est. reading time\" \/>\n\t<meta name=\"twitter:data1\" content=\"3 minutes\" \/>\n<script type=\"application\/ld+json\" class=\"yoast-schema-graph\">{\"@context\":\"https:\\\/\\\/schema.org\",\"@graph\":[{\"@type\":\"WebPage\",\"@id\":\"https:\\\/\\\/www.caffegioia.com\\\/en\\\/coffee\\\/compatible-capsules\\\/coffee-in-aroma-vero-lui-compatible-capsules\",\"url\":\"https:\\\/\\\/www.caffegioia.com\\\/en\\\/coffee\\\/compatible-capsules\\\/coffee-in-aroma-vero-lui-compatible-capsules\",\"name\":\"COFFEE IN AROMA VERO*, LUI* COMPATIBLE CAPSULES - Caffe Gioia\",\"isPartOf\":{\"@id\":\"https:\\\/\\\/www.caffegioia.com\\\/en#website\"},\"primaryImageOfPage\":{\"@id\":\"https:\\\/\\\/www.caffegioia.com\\\/en\\\/coffee\\\/compatible-capsules\\\/coffee-in-aroma-vero-lui-compatible-capsules#primaryimage\"},\"image\":{\"@id\":\"https:\\\/\\\/www.caffegioia.com\\\/en\\\/coffee\\\/compatible-capsules\\\/coffee-in-aroma-vero-lui-compatible-capsules#primaryimage\"},\"thumbnailUrl\":\"https:\\\/\\\/www.caffegioia.com\\\/wp-content\\\/uploads\\\/2023\\\/04\\\/2000x2000-aroma-vero.png\",\"datePublished\":\"2020-10-23T10:15:36+00:00\",\"dateModified\":\"2023-04-12T18:20:45+00:00\",\"breadcrumb\":{\"@id\":\"https:\\\/\\\/www.caffegioia.com\\\/en\\\/coffee\\\/compatible-capsules\\\/coffee-in-aroma-vero-lui-compatible-capsules#breadcrumb\"},\"inLanguage\":\"en-US\",\"potentialAction\":[{\"@type\":\"ReadAction\",\"target\":[\"https:\\\/\\\/www.caffegioia.com\\\/en\\\/coffee\\\/compatible-capsules\\\/coffee-in-aroma-vero-lui-compatible-capsules\"]}]},{\"@type\":\"ImageObject\",\"inLanguage\":\"en-US\",\"@id\":\"https:\\\/\\\/www.caffegioia.com\\\/en\\\/coffee\\\/compatible-capsules\\\/coffee-in-aroma-vero-lui-compatible-capsules#primaryimage\",\"url\":\"https:\\\/\\\/www.caffegioia.com\\\/wp-content\\\/uploads\\\/2023\\\/04\\\/2000x2000-aroma-vero.png\",\"contentUrl\":\"https:\\\/\\\/www.caffegioia.com\\\/wp-content\\\/uploads\\\/2023\\\/04\\\/2000x2000-aroma-vero.png\",\"width\":800,\"height\":800},{\"@type\":\"BreadcrumbList\",\"@id\":\"https:\\\/\\\/www.caffegioia.com\\\/en\\\/coffee\\\/compatible-capsules\\\/coffee-in-aroma-vero-lui-compatible-capsules#breadcrumb\",\"itemListElement\":[{\"@type\":\"ListItem\",\"position\":1,\"name\":\"Home\",\"item\":\"https:\\\/\\\/www.caffegioia.com\\\/en\"},{\"@type\":\"ListItem\",\"position\":2,\"name\":\"Coffee\",\"item\":\"https:\\\/\\\/www.caffegioia.com\\\/en\\\/coffee\"},{\"@type\":\"ListItem\",\"position\":3,\"name\":\"COMPATIBLE CAPSULES\",\"item\":\"https:\\\/\\\/www.caffegioia.com\\\/en\\\/coffee\\\/compatible-capsules\"},{\"@type\":\"ListItem\",\"position\":4,\"name\":\"COFFEE IN AROMA VERO*, LUI* COMPATIBLE CAPSULES\"}]},{\"@type\":\"WebSite\",\"@id\":\"https:\\\/\\\/www.caffegioia.com\\\/en#website\",\"url\":\"https:\\\/\\\/www.caffegioia.com\\\/en\",\"name\":\"Caffe Gioia\",\"description\":\"Un nuovo sito targato Euchia\",\"potentialAction\":[{\"@type\":\"SearchAction\",\"target\":{\"@type\":\"EntryPoint\",\"urlTemplate\":\"https:\\\/\\\/www.caffegioia.com\\\/en?s={search_term_string}\"},\"query-input\":{\"@type\":\"PropertyValueSpecification\",\"valueRequired\":true,\"valueName\":\"search_term_string\"}}],\"inLanguage\":\"en-US\"}]}<\/script>\n<!-- \/ Yoast SEO plugin. -->","yoast_head_json":{"title":"COFFEE IN AROMA VERO*, LUI* COMPATIBLE CAPSULES - Caffe Gioia","robots":{"index":"index","follow":"follow","max-snippet":"max-snippet:-1","max-image-preview":"max-image-preview:large","max-video-preview":"max-video-preview:-1"},"canonical":"https:\/\/www.caffegioia.com\/en\/coffee\/compatible-capsules\/coffee-in-aroma-vero-lui-compatible-capsules","og_locale":"en_US","og_type":"article","og_title":"COFFEE IN AROMA VERO*, LUI* COMPATIBLE CAPSULES - Caffe Gioia","og_description":"100% Arabica Blend A coffee with an intense and full flavor, with selected varieties of Arabica from Central America and South Africa for a coffee with a delicate taste and an unmistakable aroma. A creamy coffee, with a fine body and a barely perceptible acidity, the initial amiability is enriched with delicious essences of cream, [&hellip;]","og_url":"https:\/\/www.caffegioia.com\/en\/coffee\/compatible-capsules\/coffee-in-aroma-vero-lui-compatible-capsules","og_site_name":"Caffe Gioia","article_modified_time":"2023-04-12T18:20:45+00:00","og_image":[{"width":800,"height":800,"url":"https:\/\/www.caffegioia.com\/wp-content\/uploads\/2023\/04\/2000x2000-aroma-vero.png","type":"image\/png"}],"twitter_card":"summary_large_image","twitter_misc":{"Est. reading time":"3 minutes"},"schema":{"@context":"https:\/\/schema.org","@graph":[{"@type":"WebPage","@id":"https:\/\/www.caffegioia.com\/en\/coffee\/compatible-capsules\/coffee-in-aroma-vero-lui-compatible-capsules","url":"https:\/\/www.caffegioia.com\/en\/coffee\/compatible-capsules\/coffee-in-aroma-vero-lui-compatible-capsules","name":"COFFEE IN AROMA VERO*, LUI* COMPATIBLE CAPSULES - Caffe Gioia","isPartOf":{"@id":"https:\/\/www.caffegioia.com\/en#website"},"primaryImageOfPage":{"@id":"https:\/\/www.caffegioia.com\/en\/coffee\/compatible-capsules\/coffee-in-aroma-vero-lui-compatible-capsules#primaryimage"},"image":{"@id":"https:\/\/www.caffegioia.com\/en\/coffee\/compatible-capsules\/coffee-in-aroma-vero-lui-compatible-capsules#primaryimage"},"thumbnailUrl":"https:\/\/www.caffegioia.com\/wp-content\/uploads\/2023\/04\/2000x2000-aroma-vero.png","datePublished":"2020-10-23T10:15:36+00:00","dateModified":"2023-04-12T18:20:45+00:00","breadcrumb":{"@id":"https:\/\/www.caffegioia.com\/en\/coffee\/compatible-capsules\/coffee-in-aroma-vero-lui-compatible-capsules#breadcrumb"},"inLanguage":"en-US","potentialAction":[{"@type":"ReadAction","target":["https:\/\/www.caffegioia.com\/en\/coffee\/compatible-capsules\/coffee-in-aroma-vero-lui-compatible-capsules"]}]},{"@type":"ImageObject","inLanguage":"en-US","@id":"https:\/\/www.caffegioia.com\/en\/coffee\/compatible-capsules\/coffee-in-aroma-vero-lui-compatible-capsules#primaryimage","url":"https:\/\/www.caffegioia.com\/wp-content\/uploads\/2023\/04\/2000x2000-aroma-vero.png","contentUrl":"https:\/\/www.caffegioia.com\/wp-content\/uploads\/2023\/04\/2000x2000-aroma-vero.png","width":800,"height":800},{"@type":"BreadcrumbList","@id":"https:\/\/www.caffegioia.com\/en\/coffee\/compatible-capsules\/coffee-in-aroma-vero-lui-compatible-capsules#breadcrumb","itemListElement":[{"@type":"ListItem","position":1,"name":"Home","item":"https:\/\/www.caffegioia.com\/en"},{"@type":"ListItem","position":2,"name":"Coffee","item":"https:\/\/www.caffegioia.com\/en\/coffee"},{"@type":"ListItem","position":3,"name":"COMPATIBLE CAPSULES","item":"https:\/\/www.caffegioia.com\/en\/coffee\/compatible-capsules"},{"@type":"ListItem","position":4,"name":"COFFEE IN AROMA VERO*, LUI* COMPATIBLE CAPSULES"}]},{"@type":"WebSite","@id":"https:\/\/www.caffegioia.com\/en#website","url":"https:\/\/www.caffegioia.com\/en","name":"Caffe Gioia","description":"Un nuovo sito targato Euchia","potentialAction":[{"@type":"SearchAction","target":{"@type":"EntryPoint","urlTemplate":"https:\/\/www.caffegioia.com\/en?s={search_term_string}"},"query-input":{"@type":"PropertyValueSpecification","valueRequired":true,"valueName":"search_term_string"}}],"inLanguage":"en-US"}]}},"_links":{"self":[{"href":"https:\/\/www.caffegioia.com\/en\/wp-json\/wp\/v2\/pages\/226339","targetHints":{"allow":["GET"]}}],"collection":[{"href":"https:\/\/www.caffegioia.com\/en\/wp-json\/wp\/v2\/pages"}],"about":[{"href":"https:\/\/www.caffegioia.com\/en\/wp-json\/wp\/v2\/types\/page"}],"author":[{"embeddable":true,"href":"https:\/\/www.caffegioia.com\/en\/wp-json\/wp\/v2\/users\/27"}],"replies":[{"embeddable":true,"href":"https:\/\/www.caffegioia.com\/en\/wp-json\/wp\/v2\/comments?post=226339"}],"version-history":[{"count":5,"href":"https:\/\/www.caffegioia.com\/en\/wp-json\/wp\/v2\/pages\/226339\/revisions"}],"predecessor-version":[{"id":226345,"href":"https:\/\/www.caffegioia.com\/en\/wp-json\/wp\/v2\/pages\/226339\/revisions\/226345"}],"up":[{"embeddable":true,"href":"https:\/\/www.caffegioia.com\/en\/wp-json\/wp\/v2\/pages\/226297"}],"wp:featuredmedia":[{"embeddable":true,"href":"https:\/\/www.caffegioia.com\/en\/wp-json\/wp\/v2\/media\/226079"}],"wp:attachment":[{"href":"https:\/\/www.caffegioia.com\/en\/wp-json\/wp\/v2\/media?parent=226339"}],"curies":[{"name":"wp","href":"https:\/\/api.w.org\/{rel}","templated":true}]}}