{"id":226235,"date":"2020-10-23T12:15:36","date_gmt":"2020-10-23T10:15:36","guid":{"rendered":"https:\/\/www.caffegioia.com?page_id=226235"},"modified":"2023-04-12T12:36:02","modified_gmt":"2023-04-12T10:36:02","slug":"specialty-coffee","status":"publish","type":"page","link":"https:\/\/www.caffegioia.com\/en\/coffee\/specialty-coffee","title":{"rendered":"Specialty Coffee"},"content":{"rendered":"<p>[et_pb_section fb_built=&#8221;1&#8243; _builder_version=&#8221;4.20.2&#8243; _module_preset=&#8221;default&#8221; global_colors_info=&#8221;{}&#8221; theme_builder_area=&#8221;post_content&#8221;][et_pb_row column_structure=&#8221;1_3,1_3,1_3&#8243; _builder_version=&#8221;4.20.2&#8243; _module_preset=&#8221;default&#8221; global_colors_info=&#8221;{}&#8221; theme_builder_area=&#8221;post_content&#8221;][et_pb_column type=&#8221;1_3&#8243; _builder_version=&#8221;4.20.2&#8243; _module_preset=&#8221;default&#8221; global_colors_info=&#8221;{}&#8221; theme_builder_area=&#8221;post_content&#8221;][et_pb_image src=&#8221;https:\/\/www.caffegioia.com\/wp-content\/uploads\/2023\/03\/2000&#215;2000-ruwanda.jpg&#8221; title_text=&#8221;2000&#215;2000-ruwanda&#8221; _builder_version=&#8221;4.20.2&#8243; _module_preset=&#8221;default&#8221; global_colors_info=&#8221;{}&#8221; theme_builder_area=&#8221;post_content&#8221;][\/et_pb_image][et_pb_text _builder_version=&#8221;4.20.4&#8243; _module_preset=&#8221;default&#8221; text_font_size=&#8221;16px&#8221; header_2_font_size=&#8221;24px&#8221; global_colors_info=&#8221;{}&#8221; theme_builder_area=&#8221;post_content&#8221;]<\/p>\n<h2>RWANDA TWONGERE WOMEN&#8217;S MILL<\/h2>\n<p><strong><em>features<\/em><\/strong><\/p>\n<p>SCORE 86,25<\/p>\n<p><span>VARIETY French Mission, Bourbon<\/span><br \/><span>PROCESS washed, double fermentation 24 hours<\/span><br \/><span>AROMA tangerine, pineapple<\/span><br \/><span>NOTES orange, pineapple, coconut<\/span><br \/><span>AREA Gakenke district, northern province<\/span><br \/><span>ALTITUDE: 1.800-2.200 masl<\/span><\/p>\n<p><em>available in<br \/><\/em><span>paper doypack of 200 g 7,05 oz cod. 001<\/span><br \/><span>aluminium free package<\/span><\/p>\n<p><span>Rwanda was the first country in the world to have a female-dominated government and today it is women who lead the local economy.<\/span><br \/><span>Coffee cooperatives were founded from the beginning by women and today are still managed by women.<\/span><br \/><span>This is the case of the Twongere Kawa Coko cooperative founded by 11 female coffee farmers in 2009 and led by the president Therese Nyrangwabije.<\/span><\/p>\n<p><span>Suggested coffee ratio:<\/span><br \/><span>ESPRESSO: 17 gr for double shot<\/span><br \/><span>MOKA: 16 gr for 3 cups pot<\/span><br \/><span>FILTER: 20 gr for 300 ml (2 cups)<\/span><\/p>\n<p>[\/et_pb_text][\/et_pb_column][et_pb_column type=&#8221;1_3&#8243; _builder_version=&#8221;4.20.2&#8243; _module_preset=&#8221;default&#8221; global_colors_info=&#8221;{}&#8221; theme_builder_area=&#8221;post_content&#8221;][et_pb_image src=&#8221;https:\/\/www.caffegioia.com\/wp-content\/uploads\/2023\/03\/2000&#215;2000-brazil-2.png&#8221; title_text=&#8221;2000&#215;2000-brazil-(2)&#8221; _builder_version=&#8221;4.20.2&#8243; _module_preset=&#8221;default&#8221; global_colors_info=&#8221;{}&#8221; theme_builder_area=&#8221;post_content&#8221;][\/et_pb_image][et_pb_text _builder_version=&#8221;4.20.4&#8243; _module_preset=&#8221;default&#8221; text_font_size=&#8221;16px&#8221; header_2_font_size=&#8221;24px&#8221; hover_enabled=&#8221;0&#8243; global_colors_info=&#8221;{}&#8221; theme_builder_area=&#8221;post_content&#8221; sticky_enabled=&#8221;0&#8243;]<\/p>\n<h2>BRAZIL FAZENDA CALIFORNIA COLD SOUL<\/h2>\n<p><em><strong>features<\/strong><\/em><\/p>\n<p>SCORE 86<\/p>\n<p>VARIETY Obata<br \/>PROCESS cold soul pulped natural<br \/>AROMA caramel and candied orange<br \/>NOTES pineapple, grapes, citrus fruits<br \/>AREA Jacarezinho, Paran\u00e1<\/p>\n<p><em>available in<\/em><br \/>paper doypack of 200 g 7,05 oz cod. 003<br \/>aluminium free package<\/p>\n<p>Fazenda California is located in Jacarezinho in the north-eastern tip of Paran\u00e1 state. Here the growing and processing of the coffee cherries is carried along by the owner Luiz Roberto Saldanha Rodrigues. Cold Soul natural processes was developed by Luiz to give the coffee grown at low altitude unique and unusual characteristics never experienced before from this region. The extreme brightness, prominent fruit characteristics and complexity of this coffee is due to its particular process where cherries are soaked overnight in cold water in the first stage of the fermentation process. The idea is that the cold water gives a condition of &#8220;controlled fermentation&#8221;, giving the coffee a more clean and sweet cup than a conventional natural. The coffee is then finished off with slow drying on African beds for 25-30 days, completing the complexity of the process.<\/p>\n<p>Suggested coffee ratio:<\/p>\n<p>ESPRESSO: 15 gr for a double shot<br \/>MOKA: 15 gr for 3 cups pot<br \/>FILTER: 22 gr for 300 ml<\/p>\n<p>[\/et_pb_text][\/et_pb_column][et_pb_column type=&#8221;1_3&#8243; _builder_version=&#8221;4.20.2&#8243; _module_preset=&#8221;default&#8221; global_colors_info=&#8221;{}&#8221; theme_builder_area=&#8221;post_content&#8221;][et_pb_image src=&#8221;https:\/\/www.caffegioia.com\/wp-content\/uploads\/2023\/03\/2000&#215;2000-asia.jpg&#8221; title_text=&#8221;2000&#215;2000-asia&#8221; _builder_version=&#8221;4.20.2&#8243; _module_preset=&#8221;default&#8221; global_colors_info=&#8221;{}&#8221; theme_builder_area=&#8221;post_content&#8221;][\/et_pb_image][et_pb_text _builder_version=&#8221;4.20.4&#8243; _module_preset=&#8221;default&#8221; text_font_size=&#8221;16px&#8221; header_2_font_size=&#8221;24px&#8221; hover_enabled=&#8221;0&#8243; global_colors_info=&#8221;{}&#8221; theme_builder_area=&#8221;post_content&#8221; sticky_enabled=&#8221;0&#8243;]<\/p>\n<h2>SUMATRA MANDHELING QUEEN KETIARA<\/h2>\n<p><em><strong>features<\/strong><\/em><\/p>\n<p>SCORE 86<\/p>\n<p>VARIETY Obata<br \/>PROCESS cold soul pulped natural<br \/>AROMA caramel and candied orange<br \/>NOTES pineapple, grapes, citrus fruits<br \/>AREA Jacarezinho, Paran\u00e1<\/p>\n<p><em>available in<\/em><br \/>paper doypack of 200 g 7,05 oz cod. 003<br \/>aluminium free package<\/p>\n<p>Fazenda California is located in Jacarezinho in the north-eastern tip of Paran\u00e1 state. Here the growing and processing of the coffee cherries is carried along by the owner Luiz Roberto Saldanha Rodrigues. Cold Soul natural processes was developed by Luiz to give the coffee grown at low altitude unique and unusual characteristics never experienced before from this region. The extreme brightness, prominent fruit characteristics and complexity of this coffee is due to its particular process where cherries are soaked overnight in cold water in the first stage of the fermentation process. The idea is that the cold water gives a condition of &#8220;controlled fermentation&#8221;, giving the coffee a more clean and sweet cup than a conventional natural. The coffee is then finished off with slow drying on African beds for 25-30 days, completing the complexity of the process.<\/p>\n<p>Suggested coffee ratio:<\/p>\n<p>ESPRESSO: 15 gr for a double shot<br \/>MOKA: 15 gr for 3 cups pot<br \/>FILTER: 22 gr for 300 ml<\/p>\n<p>[\/et_pb_text][\/et_pb_column][\/et_pb_row][\/et_pb_section]<\/p>\n","protected":false},"excerpt":{"rendered":"<p>RWANDA TWONGERE WOMEN&#8217;S MILL features SCORE 86,25 VARIETY French Mission, BourbonPROCESS washed, double fermentation 24 hoursAROMA tangerine, pineappleNOTES orange, pineapple, coconutAREA Gakenke district, northern provinceALTITUDE: 1.800-2.200 masl available inpaper doypack of 200 g 7,05 oz cod. 001aluminium free package Rwanda was the first country in the world to have a female-dominated government and today it [&hellip;]<\/p>\n","protected":false},"author":27,"featured_media":226031,"parent":226230,"menu_order":0,"comment_status":"closed","ping_status":"closed","template":"","meta":{"_et_pb_use_builder":"on","_et_pb_old_content":"<p><!-- wp:divi\/placeholder --><br \/>[et_pb_section fb_built=\"1\" _builder_version=\"4.20.2\" _module_preset=\"default\" global_colors_info=\"{}\" theme_builder_area=\"post_content\"][et_pb_row column_structure=\"1_3,1_3,1_3\" _builder_version=\"4.20.2\" _module_preset=\"default\" global_colors_info=\"{}\" theme_builder_area=\"post_content\"][et_pb_column type=\"1_3\" _builder_version=\"4.20.2\" _module_preset=\"default\" global_colors_info=\"{}\" theme_builder_area=\"post_content\"][et_pb_image src=\"https:\/\/www.caffegioia.com\/wp-content\/uploads\/2023\/03\/2000x2000-ruwanda.jpg\" title_text=\"2000x2000-ruwanda\" _builder_version=\"4.20.2\" _module_preset=\"default\" global_colors_info=\"{}\" theme_builder_area=\"post_content\"][\/et_pb_image][et_pb_text _builder_version=\"4.20.2\" _module_preset=\"default\" text_font_size=\"16px\" header_2_font_size=\"24px\" global_colors_info=\"{}\" theme_builder_area=\"post_content\"]<\/p><h2>RWANDA TWONGERE WOMEN'S MILL<\/h2><p><strong><em>caratteristiche<\/em><\/strong><\/p><p>PUNTEGGIO 86,25<\/p><p>variet\u00e0: French Mission, Bourbon<br \/>lavorazione: lavato, doppia fermentazione 24 ore<br \/>aroma: mandarino, ananas<br \/>note: arancia, ananas, noce di cocco<br \/>area: distretto di Gakenke, provincia del nord<br \/>altitudine: 1.800\/2.200 m slm<\/p><p>disponibile in<br \/>doypack in carta da 200 g cod. 001<br \/>confezione senza alluminio<\/p><p>Il Ruanda \u00e8 stato il primo paese al mondo ad avere un governo femminile e oggi sono proprio le donne a guidare l'economia locale. Le cooperative del caff\u00e8 sono state fondate sin dall'inizio da donne e ancora oggi sono gestite da loro. Stiamo parlando della cooperativa Twongere Kawa Coko fondata da 11 coltivatrici di caff\u00e8 nel 2009 e guidata dalla presidentessa Therese Nyrangwabije.<\/p><p>Rapporto caff\u00e8\/acqua consigliato:<br \/>ESPRESSO: 17gr per doppio espresso<br \/>MOKA: 16gr moka da 3 tazze<br \/>FILTRO: 20gr per 300 ml (2 tazze)<\/p><p>[\/et_pb_text][\/et_pb_column][et_pb_column type=\"1_3\" _builder_version=\"4.20.2\" _module_preset=\"default\" global_colors_info=\"{}\" theme_builder_area=\"post_content\"][et_pb_image src=\"https:\/\/www.caffegioia.com\/wp-content\/uploads\/2023\/03\/2000x2000-bolivia.png\" title_text=\"2000x2000-bolivia\" _builder_version=\"4.20.2\" _module_preset=\"default\" global_colors_info=\"{}\" theme_builder_area=\"post_content\"][\/et_pb_image][et_pb_text _builder_version=\"4.20.2\" _module_preset=\"default\" text_font_size=\"16px\" header_2_font_size=\"24px\" global_colors_info=\"{}\" theme_builder_area=\"post_content\"]<\/p><h2>BOLIVIA AVELINO SACACA<\/h2><p><em><strong>caratteristiche<\/strong><\/em><\/p><p>PUNTEGGIO 88,25<\/p><p>variet\u00e0: Typica, Catuai, Caturra<br \/>lavorazione: lavato<br \/>aroma: miele di acacia, agrumi<br \/>gusto: miele e zucchero di canna<br \/>area di produzione: La Paz, Taipiplaya<br \/>produttore: Avelino Sacaca<br \/>altitudine: 1.300 m slm<\/p><p>disponibile in<br \/>doypack in carta da 200 g cod. 004<br \/>confezione senza alluminio<\/p><p>Caff\u00e8 in grani Arabica dalla provincia di Caranavi in Bolivia, considerata la capitale del caff\u00e8 dell'intero Paese.<\/p><p>La produzione di caff\u00e8 in Bolivia \u00e8 concentrata principalmente nelle aree rurali di Yungas e nella provincia di Caranavi, situata a nord-est di La Paz. Altre regioni in crescita includono Santa Cruz, Beni, Cochabamba, Tarija e Pando. La Bolivia ha tutte le carte in regola per essere un produttore di caff\u00e8 di alta qualit\u00e0, come altitudine, terreno fertile e una stagione delle piogge costante.<br \/>Caranavi \u00e8 considerata la capitale del caff\u00e8 in Bolivia ed \u00e8 qui che viene prodotta la maggior parte del caff\u00e8. Si trova nella regione dello Yungas, nella Bolivia orientale, nella zona di transizione dove le Ande si trasformano nelle foreste orientali.<br \/>Qui la coltivazione \u00e8 unicamente del caff\u00e8 Arabica e si concentra principalmente sulle variet\u00e0 Catuai, mentre il metodo di lavorazione pi\u00f9 comunemente usato e tradizionale \u00e8 il lavato, in cui il frutto del caff\u00e8 viene spolpato e poi fatto essiccare su letti africani, a causa dell'altitudine elevata e delle basse temperature.<\/p><p>Rapporto caff\u00e8\/acqua consigliato:<br \/>ESPRESSO: 16,5 g per doppio espresso<br \/>MOKA: 16 g moka da 3 tazze<br \/>FILTRO: 20 g per 300 ml (2 tazze)<\/p><p>[\/et_pb_text][\/et_pb_column][et_pb_column type=\"1_3\" _builder_version=\"4.20.2\" _module_preset=\"default\" global_colors_info=\"{}\" theme_builder_area=\"post_content\"][et_pb_image src=\"https:\/\/www.caffegioia.com\/wp-content\/uploads\/2023\/03\/2000x2000-asia.jpg\" title_text=\"2000x2000-asia\" _builder_version=\"4.20.2\" _module_preset=\"default\" global_colors_info=\"{}\" theme_builder_area=\"post_content\"][\/et_pb_image][et_pb_text _builder_version=\"4.20.2\" _module_preset=\"default\" text_font_size=\"16px\" header_2_font_size=\"24px\" global_colors_info=\"{}\" theme_builder_area=\"post_content\"]<\/p><h2>SUMATRA MANDHELING QUEEN KETIARA<\/h2><p><em><strong>caratteristiche<\/strong><\/em><\/p><p>PUNTEGGIO 85,75<\/p><p>lavorazione: organico lavato<br \/>aroma: agrumi e caramello<br \/>note: cioccolato fondente e spezie<br \/>area: Padang<br \/>altitudine: 1000-1500 m slm<\/p><p>disponibile in<br \/>doypack in carta da 200 g cod. 002<br \/>confezione senza alluminio<\/p><p>Il metodo di lavorazione tradizionale per l'isola di Sumatra \u00e8 il cosiddetto \"wet hulled\", nella lingua locale Giling Basah. Questo processo consiste in una prima fermentazione delle drupe di 12-18 ore, una spolpatura e un primo essicamento di 5-6 ore. Il pergamino viene quindi rimosso quando l'umidit\u00e0 \u00e8 ancora tra il 30% e il 40% e le drupe vengono quindi essiccate senza il pergamino fino a raggiungere il 13% di umidit\u00e0 finale. Questo processo consente di ottenere il tipico colore verde-bluastro del caff\u00e8 verde e un profilo della tazza con corpo intenso e un'acidit\u00e0 moderata.<\/p><p>Ketiara \u00e8 una cooperativa guidata da donne fondata nel 2009 da 32 soci fondatori. Oggi conta quasi 2000 piccoli agricoltori e Ibu Ramah \u00e8 il presidente. Quindi non si tratta solo di commercio di caff\u00e8, ma anche di promozione di valore e passione per celebrare le donne nel business del caff\u00e8.<\/p><p>Rapporto caff\u00e8\/acqua consigliato:<br \/>ESPRESSO: 15gr per doppio espresso<br \/>MOKA: 15gr per moka da 3<br \/>FILTRO: 18gr per 300 ml (2 tazze)<\/p><p>[\/et_pb_text][\/et_pb_column][\/et_pb_row][et_pb_row column_structure=\"1_3,1_3,1_3\" _builder_version=\"4.20.2\" _module_preset=\"default\" global_colors_info=\"{}\" theme_builder_area=\"post_content\"][et_pb_column type=\"1_3\" _builder_version=\"4.20.2\" _module_preset=\"default\" global_colors_info=\"{}\" theme_builder_area=\"post_content\"][et_pb_image src=\"https:\/\/www.caffegioia.com\/wp-content\/uploads\/2023\/03\/2000x2000-brazil-2.png\" title_text=\"2000x2000-brazil-(2)\" _builder_version=\"4.20.2\" _module_preset=\"default\" global_colors_info=\"{}\" theme_builder_area=\"post_content\"][\/et_pb_image][et_pb_text _builder_version=\"4.20.2\" _module_preset=\"default\" text_font_size=\"16px\" header_2_font_size=\"24px\" global_colors_info=\"{}\" theme_builder_area=\"post_content\"]<\/p><h2>BRAZIL FAZENDA CALIFORNIA COLD SOUL<\/h2><p><em><strong>caratteristiche<\/strong><\/em><\/p><p>PUNTEGGIO 86<\/p><p>variet\u00e0: Obata<br \/>lavorazione: cold soul pulped natural<br \/>aroma: caramello e arancia candita<br \/>note: ananas, uva, agrumi<br \/>area: Jacarezinho, Paran\u00e1<\/p><p>disponibile in<br \/>doypack in carta da 200 g cod. 003<br \/>confezione senza alluminio<\/p><p>Fazenda California si trova a Jacarezinho nella punta nord-orientale dello stato di Paran\u00e0. Qui la coltivazione e la lavorazione della frutta del caff\u00e8 viene portata avanti dal titolare Luiz Roberto Saldanha Rodrigues. I processi naturali Cold Soul sono stati sviluppati da Luiz per conferire al caff\u00e8 coltivato a bassa quota caratteristiche uniche e insolite mai sperimentate prima da questa regione. L'estrema brillantezza, le spiccate caratteristiche del frutto e la complessit\u00e0 di questo caff\u00e8 sono dovute al suo particolare processo, in cui le drupe vengono messe a bagno per una notte in acqua fredda nella prima fase del processo di fermentazione. L'idea \u00e8 che l'acqua fredda dia una condizione di \"fermentazione controllata\", conferendo al caff\u00e8 una tazza pi\u00f9 pulita e dolce rispetto a un metodo naturale convenzionale. Il processo finisce poi con una lenta essiccazione su letti africani per 25-30 giorni, completando la complessit\u00e0 del processo.<\/p><p>Rapporto caff\u00e8\/acqua consigliato:<br \/>ESPRESSO: 15gr per doppio espresso<br \/>MOKA: 15gr per moka da 3 tazze<br \/>FILTRO: 22gr per 300 ml<\/p><p>[\/et_pb_text][\/et_pb_column][et_pb_column type=\"1_3\" _builder_version=\"4.20.2\" _module_preset=\"default\" global_colors_info=\"{}\" theme_builder_area=\"post_content\"][\/et_pb_column][et_pb_column type=\"1_3\" _builder_version=\"4.20.2\" _module_preset=\"default\" global_colors_info=\"{}\" theme_builder_area=\"post_content\"][\/et_pb_column][\/et_pb_row][\/et_pb_section]<br \/><!-- \/wp:divi\/placeholder --><\/p>","_et_gb_content_width":"","footnotes":""},"class_list":["post-226235","page","type-page","status-publish","has-post-thumbnail","hentry"],"yoast_head":"<!-- This site is optimized with the Yoast SEO plugin v27.3 - https:\/\/yoast.com\/product\/yoast-seo-wordpress\/ -->\n<title>Specialty Coffee - Caffe Gioia<\/title>\n<meta name=\"robots\" content=\"index, follow, max-snippet:-1, max-image-preview:large, max-video-preview:-1\" \/>\n<link rel=\"canonical\" href=\"https:\/\/www.caffegioia.com\/en\/coffee\/specialty-coffee\" \/>\n<meta property=\"og:locale\" content=\"en_US\" \/>\n<meta property=\"og:type\" content=\"article\" \/>\n<meta property=\"og:title\" content=\"Specialty Coffee - Caffe Gioia\" \/>\n<meta property=\"og:description\" content=\"RWANDA TWONGERE WOMEN&#039;S MILL features SCORE 86,25 VARIETY French Mission, BourbonPROCESS washed, double fermentation 24 hoursAROMA tangerine, pineappleNOTES orange, pineapple, coconutAREA Gakenke district, northern provinceALTITUDE: 1.800-2.200 masl available inpaper doypack of 200 g 7,05 oz cod. 001aluminium free package Rwanda was the first country in the world to have a female-dominated government and today it [&hellip;]\" \/>\n<meta property=\"og:url\" content=\"https:\/\/www.caffegioia.com\/en\/coffee\/specialty-coffee\" \/>\n<meta property=\"og:site_name\" content=\"Caffe Gioia\" \/>\n<meta property=\"article:modified_time\" content=\"2023-04-12T10:36:02+00:00\" \/>\n<meta property=\"og:image\" content=\"https:\/\/www.caffegioia.com\/wp-content\/uploads\/2023\/04\/2000x2000-specialty-1.webp\" \/>\n\t<meta property=\"og:image:width\" content=\"800\" \/>\n\t<meta property=\"og:image:height\" content=\"800\" \/>\n\t<meta property=\"og:image:type\" content=\"image\/webp\" \/>\n<meta name=\"twitter:card\" content=\"summary_large_image\" \/>\n<meta name=\"twitter:label1\" content=\"Est. reading time\" \/>\n\t<meta name=\"twitter:data1\" content=\"5 minutes\" \/>\n<script type=\"application\/ld+json\" class=\"yoast-schema-graph\">{\"@context\":\"https:\\\/\\\/schema.org\",\"@graph\":[{\"@type\":\"WebPage\",\"@id\":\"https:\\\/\\\/www.caffegioia.com\\\/en\\\/coffee\\\/specialty-coffee\",\"url\":\"https:\\\/\\\/www.caffegioia.com\\\/en\\\/coffee\\\/specialty-coffee\",\"name\":\"Specialty Coffee - Caffe Gioia\",\"isPartOf\":{\"@id\":\"https:\\\/\\\/www.caffegioia.com\\\/en#website\"},\"primaryImageOfPage\":{\"@id\":\"https:\\\/\\\/www.caffegioia.com\\\/en\\\/coffee\\\/specialty-coffee#primaryimage\"},\"image\":{\"@id\":\"https:\\\/\\\/www.caffegioia.com\\\/en\\\/coffee\\\/specialty-coffee#primaryimage\"},\"thumbnailUrl\":\"https:\\\/\\\/www.caffegioia.com\\\/wp-content\\\/uploads\\\/2023\\\/04\\\/2000x2000-specialty-1.webp\",\"datePublished\":\"2020-10-23T10:15:36+00:00\",\"dateModified\":\"2023-04-12T10:36:02+00:00\",\"breadcrumb\":{\"@id\":\"https:\\\/\\\/www.caffegioia.com\\\/en\\\/coffee\\\/specialty-coffee#breadcrumb\"},\"inLanguage\":\"en-US\",\"potentialAction\":[{\"@type\":\"ReadAction\",\"target\":[\"https:\\\/\\\/www.caffegioia.com\\\/en\\\/coffee\\\/specialty-coffee\"]}]},{\"@type\":\"ImageObject\",\"inLanguage\":\"en-US\",\"@id\":\"https:\\\/\\\/www.caffegioia.com\\\/en\\\/coffee\\\/specialty-coffee#primaryimage\",\"url\":\"https:\\\/\\\/www.caffegioia.com\\\/wp-content\\\/uploads\\\/2023\\\/04\\\/2000x2000-specialty-1.webp\",\"contentUrl\":\"https:\\\/\\\/www.caffegioia.com\\\/wp-content\\\/uploads\\\/2023\\\/04\\\/2000x2000-specialty-1.webp\",\"width\":800,\"height\":800},{\"@type\":\"BreadcrumbList\",\"@id\":\"https:\\\/\\\/www.caffegioia.com\\\/en\\\/coffee\\\/specialty-coffee#breadcrumb\",\"itemListElement\":[{\"@type\":\"ListItem\",\"position\":1,\"name\":\"Home\",\"item\":\"https:\\\/\\\/www.caffegioia.com\\\/en\"},{\"@type\":\"ListItem\",\"position\":2,\"name\":\"Coffee\",\"item\":\"https:\\\/\\\/www.caffegioia.com\\\/en\\\/coffee\"},{\"@type\":\"ListItem\",\"position\":3,\"name\":\"Specialty Coffee\"}]},{\"@type\":\"WebSite\",\"@id\":\"https:\\\/\\\/www.caffegioia.com\\\/en#website\",\"url\":\"https:\\\/\\\/www.caffegioia.com\\\/en\",\"name\":\"Caffe Gioia\",\"description\":\"Un nuovo sito targato Euchia\",\"potentialAction\":[{\"@type\":\"SearchAction\",\"target\":{\"@type\":\"EntryPoint\",\"urlTemplate\":\"https:\\\/\\\/www.caffegioia.com\\\/en?s={search_term_string}\"},\"query-input\":{\"@type\":\"PropertyValueSpecification\",\"valueRequired\":true,\"valueName\":\"search_term_string\"}}],\"inLanguage\":\"en-US\"}]}<\/script>\n<!-- \/ Yoast SEO plugin. -->","yoast_head_json":{"title":"Specialty Coffee - Caffe Gioia","robots":{"index":"index","follow":"follow","max-snippet":"max-snippet:-1","max-image-preview":"max-image-preview:large","max-video-preview":"max-video-preview:-1"},"canonical":"https:\/\/www.caffegioia.com\/en\/coffee\/specialty-coffee","og_locale":"en_US","og_type":"article","og_title":"Specialty Coffee - Caffe Gioia","og_description":"RWANDA TWONGERE WOMEN'S MILL features SCORE 86,25 VARIETY French Mission, BourbonPROCESS washed, double fermentation 24 hoursAROMA tangerine, pineappleNOTES orange, pineapple, coconutAREA Gakenke district, northern provinceALTITUDE: 1.800-2.200 masl available inpaper doypack of 200 g 7,05 oz cod. 001aluminium free package Rwanda was the first country in the world to have a female-dominated government and today it [&hellip;]","og_url":"https:\/\/www.caffegioia.com\/en\/coffee\/specialty-coffee","og_site_name":"Caffe Gioia","article_modified_time":"2023-04-12T10:36:02+00:00","og_image":[{"width":800,"height":800,"url":"https:\/\/www.caffegioia.com\/wp-content\/uploads\/2023\/04\/2000x2000-specialty-1.webp","type":"image\/webp"}],"twitter_card":"summary_large_image","twitter_misc":{"Est. reading time":"5 minutes"},"schema":{"@context":"https:\/\/schema.org","@graph":[{"@type":"WebPage","@id":"https:\/\/www.caffegioia.com\/en\/coffee\/specialty-coffee","url":"https:\/\/www.caffegioia.com\/en\/coffee\/specialty-coffee","name":"Specialty Coffee - Caffe Gioia","isPartOf":{"@id":"https:\/\/www.caffegioia.com\/en#website"},"primaryImageOfPage":{"@id":"https:\/\/www.caffegioia.com\/en\/coffee\/specialty-coffee#primaryimage"},"image":{"@id":"https:\/\/www.caffegioia.com\/en\/coffee\/specialty-coffee#primaryimage"},"thumbnailUrl":"https:\/\/www.caffegioia.com\/wp-content\/uploads\/2023\/04\/2000x2000-specialty-1.webp","datePublished":"2020-10-23T10:15:36+00:00","dateModified":"2023-04-12T10:36:02+00:00","breadcrumb":{"@id":"https:\/\/www.caffegioia.com\/en\/coffee\/specialty-coffee#breadcrumb"},"inLanguage":"en-US","potentialAction":[{"@type":"ReadAction","target":["https:\/\/www.caffegioia.com\/en\/coffee\/specialty-coffee"]}]},{"@type":"ImageObject","inLanguage":"en-US","@id":"https:\/\/www.caffegioia.com\/en\/coffee\/specialty-coffee#primaryimage","url":"https:\/\/www.caffegioia.com\/wp-content\/uploads\/2023\/04\/2000x2000-specialty-1.webp","contentUrl":"https:\/\/www.caffegioia.com\/wp-content\/uploads\/2023\/04\/2000x2000-specialty-1.webp","width":800,"height":800},{"@type":"BreadcrumbList","@id":"https:\/\/www.caffegioia.com\/en\/coffee\/specialty-coffee#breadcrumb","itemListElement":[{"@type":"ListItem","position":1,"name":"Home","item":"https:\/\/www.caffegioia.com\/en"},{"@type":"ListItem","position":2,"name":"Coffee","item":"https:\/\/www.caffegioia.com\/en\/coffee"},{"@type":"ListItem","position":3,"name":"Specialty Coffee"}]},{"@type":"WebSite","@id":"https:\/\/www.caffegioia.com\/en#website","url":"https:\/\/www.caffegioia.com\/en","name":"Caffe Gioia","description":"Un nuovo sito targato Euchia","potentialAction":[{"@type":"SearchAction","target":{"@type":"EntryPoint","urlTemplate":"https:\/\/www.caffegioia.com\/en?s={search_term_string}"},"query-input":{"@type":"PropertyValueSpecification","valueRequired":true,"valueName":"search_term_string"}}],"inLanguage":"en-US"}]}},"_links":{"self":[{"href":"https:\/\/www.caffegioia.com\/en\/wp-json\/wp\/v2\/pages\/226235","targetHints":{"allow":["GET"]}}],"collection":[{"href":"https:\/\/www.caffegioia.com\/en\/wp-json\/wp\/v2\/pages"}],"about":[{"href":"https:\/\/www.caffegioia.com\/en\/wp-json\/wp\/v2\/types\/page"}],"author":[{"embeddable":true,"href":"https:\/\/www.caffegioia.com\/en\/wp-json\/wp\/v2\/users\/27"}],"replies":[{"embeddable":true,"href":"https:\/\/www.caffegioia.com\/en\/wp-json\/wp\/v2\/comments?post=226235"}],"version-history":[{"count":7,"href":"https:\/\/www.caffegioia.com\/en\/wp-json\/wp\/v2\/pages\/226235\/revisions"}],"predecessor-version":[{"id":226249,"href":"https:\/\/www.caffegioia.com\/en\/wp-json\/wp\/v2\/pages\/226235\/revisions\/226249"}],"up":[{"embeddable":true,"href":"https:\/\/www.caffegioia.com\/en\/wp-json\/wp\/v2\/pages\/226230"}],"wp:featuredmedia":[{"embeddable":true,"href":"https:\/\/www.caffegioia.com\/en\/wp-json\/wp\/v2\/media\/226031"}],"wp:attachment":[{"href":"https:\/\/www.caffegioia.com\/en\/wp-json\/wp\/v2\/media?parent=226235"}],"curies":[{"name":"wp","href":"https:\/\/api.w.org\/{rel}","templated":true}]}}